{"id":4359,"date":"2017-09-25T10:41:45","date_gmt":"2017-09-25T08:41:45","guid":{"rendered":"https:\/\/www.iciesseautomation.it\/privacy\/"},"modified":"2017-10-31T16:40:26","modified_gmt":"2017-10-31T15:40:26","slug":"privacy","status":"publish","type":"page","link":"https:\/\/www.iciesseautomation.it\/en\/privacy\/","title":{"rendered":"Privacy"},"content":{"rendered":"<div class=\"titoli\">\n<h1 class=\"center\">Privacy<\/h1>\n<\/div>\n<div class=\"pure-g w1170 blocco-404\">\n<div class=\"pure-u-1\">\n<h2>Utilizzo dei cookie per analisi e statistiche in forma anonima<\/h2>\n<p class=\"justify\">Il sito web\u00a0<em>iciesseautomation.it<\/em>\u00a0fa utilizzo di Google Analytics (servizio di raccolta dati statistici messo a disposizione da Google) per la raccolta di informazioni relative all&#8217;accesso degli utenti sul sito. La raccolta delle informazioni avviene in forma anonima ed \u00e8 mediata dall&#8217;utilizzo di &#8220;cookies&#8221; per consentire al sito web di compiere la raccolta dati sovracitata.<\/p>\n<p>Le informazioni raccolte attraverso il sistema dei cookies vengono inviate e depositate ai server di Google in USA. Tali informazioni vengono conservate en analizzate al solo scopo di monitorare l&#8217; utilizzo del sito web, fornire report sulle attivit\u00e0 svolte in situ dagli utenti e sul tipo di accessi eseguiti.<\/p>\n<p>Utilizzando il presente sito web, acconsentite al trattamento dei Vostri dati in forma anonima da parte di Google e di\u00a0<em>Disinfestazione-Varese.it<\/em>\u00a0per le modalit\u00e0 e i fini sopraindicati.<\/p>\n<h2>Copyright<\/h2>\n<p class=\"justify\">Il sito <em>iciesseautomation.it<\/em>\u00a0\u00e8 di propriet\u00e0 dell&#8217;azienda ICIESSE Automation S.r.l. e da essa mantenuto e gestito. Tutti i contenuti presenti sul sito (testi, immagini, video, audio ecc.) sono soggetti a copyright da parte di ICIESSE Automation S.r.l. e\/o dei rispettivi proprietari. \u00c8 vietata qualsiasi riproduzione o trasmissione cos\u00ec come ne \u00e8 proibito l&#8217;utilizzo in ambito commerciale e professionale senza autorizzazione scritta da parte di ICIESSE Automation S.r.l. e\/o dei legittimi proprietari.<\/p>\n<h2>Responsabilit\u00e0<\/h2>\n<p class=\"justify\">L&#8217;azienda ICIESSE Automation S.r.l. non \u00e8 da ritenere responsabile in alcun modo dell&#8217;uso delle informazioni presenti in questo sito.<\/p>\n<h2>Privacy e trattamento dati personali<\/h2>\n<p class=\"justify\">Nessun trattamento di dati personali viene svolto sulla base degli accessi alle pagine di questo sito web. Le e-mail ricevute saranno invece archiviate su computer protetti da password, da firewall e da software antivirus costantemente aggiornati, ferma restando per il mittente la possibilit\u00e0 di esercitare tutti i diritti previsti dal Decreto legislativo 30.6. 2003 n. 196, ed in particolare di conoscere quali suoi dati sono presenti nell&#8217;archivio e di ottenerne la variazione o la cancellazione. I dati sensibili degli utenti non saranno comunque messi a disposizione di altre societ\u00e0, n\u00e9 pubblicati o ceduti a terzi, salvo autorizzazione dei diretti interessati. In nessun modo i dati presenti verranno utilizzati per attivit\u00e0 di spam. Responsabile del trattamento dei dati \u00e8 ICIESSE Automation S.r.l. &#8211; Tel. (+39) 031 46 20 29\u00a0&#8211; Via Adige, 2 &#8211; 22070 Como &#8211; Italia.<\/p>\n<\/div>\n<\/div>\n","protected":false},"excerpt":{"rendered":"<p>Privacy Utilizzo dei cookie per analisi e statistiche in forma anonima Il sito web\u00a0iciesseautomation.it\u00a0fa utilizzo di Google Analytics (servizio di raccolta dati statistici messo a disposizione da Google) per la raccolta di informazioni relative all&#8217;accesso degli utenti sul sito. La raccolta delle informazioni avviene in forma anonima ed \u00e8 mediata dall&#8217;utilizzo di &#8220;cookies&#8221; per consentire [&hellip;]<\/p>\n","protected":false},"author":3,"featured_media":0,"parent":0,"menu_order":0,"comment_status":"closed","ping_status":"closed","template":"","meta":{"footnotes":""},"class_list":["post-4359","page","type-page","status-publish","hentry"],"aioseo_notices":[],"_links":{"self":[{"href":"https:\/\/www.iciesseautomation.it\/en\/wp-json\/wp\/v2\/pages\/4359","targetHints":{"allow":["GET"]}}],"collection":[{"href":"https:\/\/www.iciesseautomation.it\/en\/wp-json\/wp\/v2\/pages"}],"about":[{"href":"https:\/\/www.iciesseautomation.it\/en\/wp-json\/wp\/v2\/types\/page"}],"author":[{"embeddable":true,"href":"https:\/\/www.iciesseautomation.it\/en\/wp-json\/wp\/v2\/users\/3"}],"replies":[{"embeddable":true,"href":"https:\/\/www.iciesseautomation.it\/en\/wp-json\/wp\/v2\/comments?post=4359"}],"version-history":[{"count":1,"href":"https:\/\/www.iciesseautomation.it\/en\/wp-json\/wp\/v2\/pages\/4359\/revisions"}],"predecessor-version":[{"id":4360,"href":"https:\/\/www.iciesseautomation.it\/en\/wp-json\/wp\/v2\/pages\/4359\/revisions\/4360"}],"wp:attachment":[{"href":"https:\/\/www.iciesseautomation.it\/en\/wp-json\/wp\/v2\/media?parent=4359"}],"curies":[{"name":"wp","href":"https:\/\/api.w.org\/{rel}","templated":true}]}}